{"id":3313,"date":"2023-01-25T14:16:51","date_gmt":"2023-01-25T14:16:51","guid":{"rendered":"https:\/\/marialuigia.team99.it\/acetaia-maria-luigia\/"},"modified":"2025-06-09T12:38:34","modified_gmt":"2025-06-09T12:38:34","slug":"acetaia-maria-luigia","status":"publish","type":"page","link":"https:\/\/casamarialuigia.com\/it\/acetaia-maria-luigia\/","title":{"rendered":"Acetaia Maria Luigia"},"content":{"rendered":"\n\n\n<!-- Slider -->\n\n<div class=\"blocco-slider-testo-container\">\n  <div class=\"carousel-slider-testo slider-testo\" data-flickity='{ \"draggable\": true , \"autoPlay\": 5000 , \"fade\": true , \"prevNextButtons\": false , \"pauseAutoPlayOnHover\": false, \"wrapAround\": true }'>\n\n  <!-- cell -->\n      <div class=\"carousel-cell-slider-testo\" style=\"background-image:url(https:\/\/casamarialuigia.com\/wp-content\/uploads\/2023\/01\/CML_acetaia-1.jpg);\">\n          <a class=\"blocco-slider-testo-lightbox\" href=\"https:\/\/casamarialuigia.com\/wp-content\/uploads\/2023\/01\/CML_acetaia-1.jpg\" data-lightbox=\"slider-lightbox\"><\/a>\n        <\/div>\n      <div class=\"carousel-cell-slider-testo\" style=\"background-image:url(https:\/\/casamarialuigia.com\/wp-content\/uploads\/2024\/03\/2B9A9547.jpg);\">\n          <a class=\"blocco-slider-testo-lightbox\" href=\"https:\/\/casamarialuigia.com\/wp-content\/uploads\/2024\/03\/2B9A9547.jpg\" data-lightbox=\"slider-lightbox\"><\/a>\n        <\/div>\n      <div class=\"carousel-cell-slider-testo\" style=\"background-image:url(https:\/\/casamarialuigia.com\/wp-content\/uploads\/2024\/03\/2B9A8184.jpg);\">\n          <a class=\"blocco-slider-testo-lightbox\" href=\"https:\/\/casamarialuigia.com\/wp-content\/uploads\/2024\/03\/2B9A8184.jpg\" data-lightbox=\"slider-lightbox\"><\/a>\n        <\/div>\n      <div class=\"carousel-cell-slider-testo\" style=\"background-image:url(https:\/\/casamarialuigia.com\/wp-content\/uploads\/2024\/03\/2B9A9162.jpg);\">\n          <a class=\"blocco-slider-testo-lightbox\" href=\"https:\/\/casamarialuigia.com\/wp-content\/uploads\/2024\/03\/2B9A9162.jpg\" data-lightbox=\"slider-lightbox\"><\/a>\n        <\/div>\n      <div class=\"carousel-cell-slider-testo\" style=\"background-image:url(https:\/\/casamarialuigia.com\/wp-content\/uploads\/2024\/03\/2B9A8188.jpg);\">\n          <a class=\"blocco-slider-testo-lightbox\" href=\"https:\/\/casamarialuigia.com\/wp-content\/uploads\/2024\/03\/2B9A8188.jpg\" data-lightbox=\"slider-lightbox\"><\/a>\n        <\/div>\n  \n  <\/div> <!-- fine carousel -->\n\n  <!-- JSX -->\n  <div class=\"blocco-slider-testo\" >\n    \n\n<div class=\"wp-block-group is-layout-flow wp-block-group-is-layout-flow\"><\/div>\n\n\n\n    \n\n\n\n  <\/div>\n\n  \n\n<\/div>\n\n\n\n\n\n\n\n\n\n<div class=\"wp-block-group has-colore-due-background-color has-background has-global-padding is-layout-constrained wp-block-group-is-layout-constrained\">\n<div class=\"wp-block-group has-global-padding is-content-justification-left is-layout-constrained wp-container-core-group-is-layout-12dd3699 wp-block-group-is-layout-constrained\">\n<div style=\"height:80px\" aria-hidden=\"true\" class=\"wp-block-spacer\"><\/div>\n\n\n\n<figure class=\"wp-block-image alignleft size-large is-resized logo-acetaia\"><img loading=\"lazy\" decoding=\"async\" width=\"350\" height=\"228\" src=\"https:\/\/casamarialuigia.com\/wp-content\/uploads\/2023\/07\/acetaia-logo-chiaro.svg\" alt=\"\" class=\"wp-image-3315\" style=\"width:250px\"\/><\/figure>\n\n\n\n<div style=\"height:40px\" aria-hidden=\"true\" class=\"wp-block-spacer\"><\/div>\n\n\n    <h1 class=\"blocco-contenuto-titolo has-colore-quattro-color has-titolo-standard-font-size\">BENVENUTI ALL&#8217;ACETAIA MARIA LUIGIA!<\/h1>\n\n    \n\n\n\n\n\n<\/div>\n\n\n\n<div class=\"wp-block-group has-global-padding is-content-justification-left is-layout-constrained wp-container-core-group-is-layout-12dd3699 wp-block-group-is-layout-constrained\">\n<div style=\"height:25px\" aria-hidden=\"true\" class=\"wp-block-spacer\"><\/div>\n\n\n\n<div class=\"wp-block-buttons is-content-justification-left is-layout-flex wp-container-core-buttons-is-layout-748d4990 wp-block-buttons-is-layout-flex\">\n<div class=\"wp-block-button aligncenter\"><a class=\"wp-block-button__link has-testo-pulsante-font-size has-custom-font-size wp-element-button\" href=\"#acetaia-reservations\">PRENOTA LA TUA VISITA<\/a><\/div>\n\n\n\n<div class=\"wp-block-button aligncenter\"><a class=\"wp-block-button__link has-testo-pulsante-font-size has-custom-font-size wp-element-button\" href=\"https:\/\/shopacetaiamarialuigia.com\/\" target=\"_blank\" rel=\"noreferrer noopener\">SCOPRI LO SHOP ONLINE<\/a><\/div>\n<\/div>\n\n\n\n<div style=\"height:50px\" aria-hidden=\"true\" class=\"wp-block-spacer\"><\/div>\n<\/div>\n\n\n\n<div class=\"wp-block-group has-global-padding is-content-justification-left is-layout-constrained wp-container-core-group-is-layout-12dd3699 wp-block-group-is-layout-constrained\">\n<div style=\"height:25px\" aria-hidden=\"true\" class=\"wp-block-spacer\"><\/div>\n\n\n\n<div class=\"wp-block-group has-global-padding is-content-justification-left is-layout-constrained wp-container-core-group-is-layout-12dd3699 wp-block-group-is-layout-constrained\">\n    \n    <p class=\"blocco-contenuto-paragrafo has-colore-quattro-color has-paragrafo-font-size mr-b-3 mr-t-4\">Nel 2022 Casa Maria Luigia si \u00e8 ampliata, acquisendo e restaurando la propriet\u00e0 del nostro vicino, un&#8217;antica acetaia fondata nel 1969, con la quale sono state costruite pi\u00f9 di 1200 botti, alcune delle quali risalenti al 1900, che oggi producono il pi\u00f9 squisito aceto balsamico. Venite a visitare questo luogo ricco di storia, a conoscere il processo di produzione, a scoprire l&#8217;arte che arricchisce l&#8217;esperienza e a degustare uno dei prodotti pi\u00f9 iconici e tradizionali di Modena.\n<span class=\"editor-wysiwyg-spazio\"><\/span>\nI tour e i tasting in Acetaia ML sono in lingua inglese.\n<span class=\"editor-wysiwyg-spazio\"><\/span>\nPrevia richiesta, i tour possono essere in italiano.\n<\/p>\n\n\n\n\n\n<\/div>\n<\/div>\n\n\n\n<div class=\"wp-block-group has-global-padding is-content-justification-left is-layout-constrained wp-container-core-group-is-layout-12dd3699 wp-block-group-is-layout-constrained\">\n    \n    <p class=\"blocco-contenuto-paragrafo has-colore-quattro-color has-paragrafo-font-size mr-b-3 mr-t-4\">*Per prenotazioni di pi\u00f9 di 10 persone, contattateci al seguente indirizzo: <a href=\"mailto:acetaia@casamarialuigia.com\"><strong>acetaia@casamarialuigia.com<\/strong><\/a> o chiamate il <a href=\"tel:3382221297\"><strong>338 2221297<\/strong><\/a>\n<\/p>\n\n\n\n\n\n\n\n\n<div style=\"height:100px\" aria-hidden=\"true\" class=\"wp-block-spacer\"><\/div>\n<\/div>\n\n\n\n<div class=\"wp-block-group has-global-padding is-layout-constrained wp-block-group-is-layout-constrained\">\n<div class=\"wp-block-columns are-vertically-aligned-center is-layout-flex wp-container-core-columns-is-layout-28f84493 wp-block-columns-is-layout-flex\">\n<div class=\"wp-block-column is-vertically-aligned-center is-layout-flow wp-block-column-is-layout-flow\">    <h2 class=\"blocco-contenuto-titolo has-colore-quattro-color has-titolo-standard-font-size\">ADOTTA UNA BOTTE<\/h2>\n\n    \n    <p class=\"blocco-contenuto-paragrafo has-colore-quattro-color has-paragrafo-font-size mr-b-3 mr-t-4\">Acetaia Maria Luigia \u00e8 lieta di condividere il suo nuovissimo progetto Adotta una Botte, che consiste nell\u2019adottare, per la durata di un anno, una batteria di botti della nostra Acetaia. Un\u2019occasione unica per vivere l\u2019antica tradizione modenese e gustare l\u2019Aceto Balsamico Tradizionale di Modena D.O.P. Extravecchio, il cosiddetto Oro Nero di Modena!\n<\/p>\n\n<div class=\"wp-block-button blocco-contenuto-cta\">\n    <a class=\"wp-block-button__link wp-element-button has-testo-pulsante-font-size\" href=\"mailto:acetaia@casamarialuigia.com\" target=\"\">acetaia@casamarialuigia.com<\/a>\n<\/div>\n\n\n\n\n\n\n\n<div style=\"height:50px\" aria-hidden=\"true\" class=\"wp-block-spacer\"><\/div>\n<\/div>\n\n\n\n<div class=\"wp-block-column is-vertically-aligned-center is-layout-flow wp-block-column-is-layout-flow\" style=\"padding-top:0;padding-right:var(--wp--preset--spacing--50);padding-bottom:0;padding-left:var(--wp--preset--spacing--50)\">\n<figure class=\"wp-block-image size-full\"><img loading=\"lazy\" decoding=\"async\" width=\"1431\" height=\"1080\" src=\"https:\/\/casamarialuigia.com\/wp-content\/uploads\/2024\/07\/ACETAIA_MARIA_LUIGIA_adottaunabotte.jpg\" alt=\"\" class=\"wp-image-4892\" style=\"aspect-ratio:1;object-fit:cover\" srcset=\"https:\/\/casamarialuigia.com\/wp-content\/uploads\/2024\/07\/ACETAIA_MARIA_LUIGIA_adottaunabotte.jpg 1431w, https:\/\/casamarialuigia.com\/wp-content\/uploads\/2024\/07\/ACETAIA_MARIA_LUIGIA_adottaunabotte-300x226.jpg 300w, https:\/\/casamarialuigia.com\/wp-content\/uploads\/2024\/07\/ACETAIA_MARIA_LUIGIA_adottaunabotte-1024x773.jpg 1024w, https:\/\/casamarialuigia.com\/wp-content\/uploads\/2024\/07\/ACETAIA_MARIA_LUIGIA_adottaunabotte-768x580.jpg 768w\" sizes=\"auto, (max-width: 1431px) 100vw, 1431px\" \/><\/figure>\n<\/div>\n<\/div>\n<\/div>\n\n\n\n<div style=\"height:100px\" aria-hidden=\"true\" class=\"wp-block-spacer\"><\/div>\n\n\n\n<div id=\"acetaia-reservations\" class=\"wp-block-group has-colore-quattro-background-color has-background is-layout-flow wp-block-group-is-layout-flow\" style=\"border-radius:8px;padding-top:40px;padding-bottom:40px\">\n<script type=\"text\/javascript\" src=\"https:\/\/www.covermanager.com\/js\/iframeResizer.min.js\"><\/script><iframe loading=\"lazy\" id=\"restaurante-acetaiamarialuigia\" title=\"Reservas\" src=\"https:\/\/www.covermanager.com\/reservation\/module_restaurant\/restaurante-acetaiamarialuigia\/italian\" frameborder=\"0\" height=\"550\" width=\"100%\" onload=\"iFrameResize();\"><\/iframe>\n<\/div>\n\n\n\n<div style=\"height:100px\" aria-hidden=\"true\" class=\"wp-block-spacer\"><\/div>\n\n\n\n<div class=\"wp-block-group has-global-padding is-layout-constrained wp-block-group-is-layout-constrained\">\n<div class=\"wp-block-buttons is-content-justification-center is-layout-flex wp-container-core-buttons-is-layout-253fffe0 wp-block-buttons-is-layout-flex\">\n<div class=\"wp-block-button aligncenter\"><a class=\"wp-block-button__link has-testo-pulsante-font-size has-custom-font-size wp-element-button\" href=\"https:\/\/shopacetaiamarialuigia.com\/it\" target=\"_blank\" rel=\"noreferrer noopener\">SCOPRI LO SHOP ONLINE<\/a><\/div>\n<\/div>\n<\/div>\n\n\n\n<div style=\"height:100px\" aria-hidden=\"true\" class=\"wp-block-spacer\"><\/div>\n<\/div>\n","protected":false},"excerpt":{"rendered":"","protected":false},"author":3,"featured_media":0,"parent":0,"menu_order":0,"comment_status":"closed","ping_status":"closed","template":"wp-custom-template-dark-page","meta":{"_acf_changed":false,"footnotes":""},"class_list":["post-3313","page","type-page","status-publish","hentry"],"acf":[],"yoast_head":"<!-- This site is optimized with the Yoast SEO plugin v27.3 - https:\/\/yoast.com\/product\/yoast-seo-wordpress\/ -->\n<title>Acetaia Maria Luigia<\/title>\n<meta name=\"description\" content=\"Nel 2022 Casa Maria Luigia si \u00e8 ampliata, acquisendo e restaurando la propriet\u00e0 del nostro vicino, un\u2019antica acetaia fondata nel 1969, con la quale sono state costruite pi\u00f9 di 1200 botti, alcune delle quali risalenti al 1900, che oggi producono il pi\u00f9 squisito aceto balsamico. Venite a visitare questo luogo ricco di storia, a conoscere il processo di produzione, a scoprire l\u2019arte che arricchisce l\u2019esperienza e a degustare uno dei prodotti pi\u00f9 iconici e tradizionali di Modena.\" \/>\n<meta name=\"robots\" content=\"index, follow, max-snippet:-1, max-image-preview:large, max-video-preview:-1\" \/>\n<link rel=\"canonical\" href=\"https:\/\/casamarialuigia.com\/it\/acetaia-maria-luigia\/\" \/>\n<meta property=\"og:locale\" content=\"it_IT\" \/>\n<meta property=\"og:type\" content=\"article\" \/>\n<meta property=\"og:title\" content=\"Acetaia Maria Luigia\" \/>\n<meta property=\"og:description\" content=\"Nel 2022 Casa Maria Luigia si \u00e8 ampliata, acquisendo e restaurando la propriet\u00e0 del nostro vicino, un\u2019antica acetaia fondata nel 1969, con la quale sono state costruite pi\u00f9 di 1200 botti, alcune delle quali risalenti al 1900, che oggi producono il pi\u00f9 squisito aceto balsamico. Venite a visitare questo luogo ricco di storia, a conoscere il processo di produzione, a scoprire l\u2019arte che arricchisce l\u2019esperienza e a degustare uno dei prodotti pi\u00f9 iconici e tradizionali di Modena.\" \/>\n<meta property=\"og:url\" content=\"https:\/\/casamarialuigia.com\/it\/acetaia-maria-luigia\/\" \/>\n<meta property=\"og:site_name\" content=\"Casa Maria Luigia\" \/>\n<meta property=\"article:modified_time\" content=\"2025-06-09T12:38:34+00:00\" \/>\n<meta name=\"twitter:card\" content=\"summary_large_image\" \/>\n<meta name=\"twitter:label1\" content=\"Tempo di lettura stimato\" \/>\n\t<meta name=\"twitter:data1\" content=\"1 minuto\" \/>\n<script type=\"application\/ld+json\" class=\"yoast-schema-graph\">{\"@context\":\"https:\\\/\\\/schema.org\",\"@graph\":[{\"@type\":\"WebPage\",\"@id\":\"https:\\\/\\\/casamarialuigia.com\\\/it\\\/acetaia-maria-luigia\\\/\",\"url\":\"https:\\\/\\\/casamarialuigia.com\\\/it\\\/acetaia-maria-luigia\\\/\",\"name\":\"Acetaia Maria Luigia\",\"isPartOf\":{\"@id\":\"https:\\\/\\\/casamarialuigia.com\\\/#website\"},\"primaryImageOfPage\":{\"@id\":\"https:\\\/\\\/casamarialuigia.com\\\/it\\\/acetaia-maria-luigia\\\/#primaryimage\"},\"image\":{\"@id\":\"https:\\\/\\\/casamarialuigia.com\\\/it\\\/acetaia-maria-luigia\\\/#primaryimage\"},\"thumbnailUrl\":\"https:\\\/\\\/casamarialuigia.com\\\/wp-content\\\/uploads\\\/2023\\\/07\\\/acetaia-logo-chiaro.svg\",\"datePublished\":\"2023-01-25T14:16:51+00:00\",\"dateModified\":\"2025-06-09T12:38:34+00:00\",\"description\":\"Nel 2022 Casa Maria Luigia si \u00e8 ampliata, acquisendo e restaurando la propriet\u00e0 del nostro vicino, un\u2019antica acetaia fondata nel 1969, con la quale sono state costruite pi\u00f9 di 1200 botti, alcune delle quali risalenti al 1900, che oggi producono il pi\u00f9 squisito aceto balsamico. Venite a visitare questo luogo ricco di storia, a conoscere il processo di produzione, a scoprire l\u2019arte che arricchisce l\u2019esperienza e a degustare uno dei prodotti pi\u00f9 iconici e tradizionali di Modena.\",\"breadcrumb\":{\"@id\":\"https:\\\/\\\/casamarialuigia.com\\\/it\\\/acetaia-maria-luigia\\\/#breadcrumb\"},\"inLanguage\":\"it-IT\",\"potentialAction\":[{\"@type\":\"ReadAction\",\"target\":[\"https:\\\/\\\/casamarialuigia.com\\\/it\\\/acetaia-maria-luigia\\\/\"]}]},{\"@type\":\"ImageObject\",\"inLanguage\":\"it-IT\",\"@id\":\"https:\\\/\\\/casamarialuigia.com\\\/it\\\/acetaia-maria-luigia\\\/#primaryimage\",\"url\":\"https:\\\/\\\/casamarialuigia.com\\\/wp-content\\\/uploads\\\/2023\\\/07\\\/acetaia-logo-chiaro.svg\",\"contentUrl\":\"https:\\\/\\\/casamarialuigia.com\\\/wp-content\\\/uploads\\\/2023\\\/07\\\/acetaia-logo-chiaro.svg\"},{\"@type\":\"BreadcrumbList\",\"@id\":\"https:\\\/\\\/casamarialuigia.com\\\/it\\\/acetaia-maria-luigia\\\/#breadcrumb\",\"itemListElement\":[{\"@type\":\"ListItem\",\"position\":1,\"name\":\"Home\",\"item\":\"https:\\\/\\\/casamarialuigia.com\\\/it\\\/\"},{\"@type\":\"ListItem\",\"position\":2,\"name\":\"Acetaia Maria Luigia\"}]},{\"@type\":\"WebSite\",\"@id\":\"https:\\\/\\\/casamarialuigia.com\\\/#website\",\"url\":\"https:\\\/\\\/casamarialuigia.com\\\/\",\"name\":\"Casa Maria Luigia\",\"description\":\"Experience the Emilian Countryside\",\"publisher\":{\"@id\":\"https:\\\/\\\/casamarialuigia.com\\\/#organization\"},\"potentialAction\":[{\"@type\":\"SearchAction\",\"target\":{\"@type\":\"EntryPoint\",\"urlTemplate\":\"https:\\\/\\\/casamarialuigia.com\\\/?s={search_term_string}\"},\"query-input\":{\"@type\":\"PropertyValueSpecification\",\"valueRequired\":true,\"valueName\":\"search_term_string\"}}],\"inLanguage\":\"it-IT\"},{\"@type\":\"Organization\",\"@id\":\"https:\\\/\\\/casamarialuigia.com\\\/#organization\",\"name\":\"Casa Maria Luigia\",\"url\":\"https:\\\/\\\/casamarialuigia.com\\\/\",\"logo\":{\"@type\":\"ImageObject\",\"inLanguage\":\"it-IT\",\"@id\":\"https:\\\/\\\/casamarialuigia.com\\\/#\\\/schema\\\/logo\\\/image\\\/\",\"url\":\"https:\\\/\\\/casamarialuigia.com\\\/wp-content\\\/uploads\\\/2023\\\/07\\\/logo-header-chiaro.svg\",\"contentUrl\":\"https:\\\/\\\/casamarialuigia.com\\\/wp-content\\\/uploads\\\/2023\\\/07\\\/logo-header-chiaro.svg\",\"width\":512,\"height\":342,\"caption\":\"Casa Maria Luigia\"},\"image\":{\"@id\":\"https:\\\/\\\/casamarialuigia.com\\\/#\\\/schema\\\/logo\\\/image\\\/\"}}]}<\/script>\n<!-- \/ Yoast SEO plugin. -->","yoast_head_json":{"title":"Acetaia Maria Luigia","description":"Nel 2022 Casa Maria Luigia si \u00e8 ampliata, acquisendo e restaurando la propriet\u00e0 del nostro vicino, un\u2019antica acetaia fondata nel 1969, con la quale sono state costruite pi\u00f9 di 1200 botti, alcune delle quali risalenti al 1900, che oggi producono il pi\u00f9 squisito aceto balsamico. Venite a visitare questo luogo ricco di storia, a conoscere il processo di produzione, a scoprire l\u2019arte che arricchisce l\u2019esperienza e a degustare uno dei prodotti pi\u00f9 iconici e tradizionali di Modena.","robots":{"index":"index","follow":"follow","max-snippet":"max-snippet:-1","max-image-preview":"max-image-preview:large","max-video-preview":"max-video-preview:-1"},"canonical":"https:\/\/casamarialuigia.com\/it\/acetaia-maria-luigia\/","og_locale":"it_IT","og_type":"article","og_title":"Acetaia Maria Luigia","og_description":"Nel 2022 Casa Maria Luigia si \u00e8 ampliata, acquisendo e restaurando la propriet\u00e0 del nostro vicino, un\u2019antica acetaia fondata nel 1969, con la quale sono state costruite pi\u00f9 di 1200 botti, alcune delle quali risalenti al 1900, che oggi producono il pi\u00f9 squisito aceto balsamico. Venite a visitare questo luogo ricco di storia, a conoscere il processo di produzione, a scoprire l\u2019arte che arricchisce l\u2019esperienza e a degustare uno dei prodotti pi\u00f9 iconici e tradizionali di Modena.","og_url":"https:\/\/casamarialuigia.com\/it\/acetaia-maria-luigia\/","og_site_name":"Casa Maria Luigia","article_modified_time":"2025-06-09T12:38:34+00:00","twitter_card":"summary_large_image","twitter_misc":{"Tempo di lettura stimato":"1 minuto"},"schema":{"@context":"https:\/\/schema.org","@graph":[{"@type":"WebPage","@id":"https:\/\/casamarialuigia.com\/it\/acetaia-maria-luigia\/","url":"https:\/\/casamarialuigia.com\/it\/acetaia-maria-luigia\/","name":"Acetaia Maria Luigia","isPartOf":{"@id":"https:\/\/casamarialuigia.com\/#website"},"primaryImageOfPage":{"@id":"https:\/\/casamarialuigia.com\/it\/acetaia-maria-luigia\/#primaryimage"},"image":{"@id":"https:\/\/casamarialuigia.com\/it\/acetaia-maria-luigia\/#primaryimage"},"thumbnailUrl":"https:\/\/casamarialuigia.com\/wp-content\/uploads\/2023\/07\/acetaia-logo-chiaro.svg","datePublished":"2023-01-25T14:16:51+00:00","dateModified":"2025-06-09T12:38:34+00:00","description":"Nel 2022 Casa Maria Luigia si \u00e8 ampliata, acquisendo e restaurando la propriet\u00e0 del nostro vicino, un\u2019antica acetaia fondata nel 1969, con la quale sono state costruite pi\u00f9 di 1200 botti, alcune delle quali risalenti al 1900, che oggi producono il pi\u00f9 squisito aceto balsamico. Venite a visitare questo luogo ricco di storia, a conoscere il processo di produzione, a scoprire l\u2019arte che arricchisce l\u2019esperienza e a degustare uno dei prodotti pi\u00f9 iconici e tradizionali di Modena.","breadcrumb":{"@id":"https:\/\/casamarialuigia.com\/it\/acetaia-maria-luigia\/#breadcrumb"},"inLanguage":"it-IT","potentialAction":[{"@type":"ReadAction","target":["https:\/\/casamarialuigia.com\/it\/acetaia-maria-luigia\/"]}]},{"@type":"ImageObject","inLanguage":"it-IT","@id":"https:\/\/casamarialuigia.com\/it\/acetaia-maria-luigia\/#primaryimage","url":"https:\/\/casamarialuigia.com\/wp-content\/uploads\/2023\/07\/acetaia-logo-chiaro.svg","contentUrl":"https:\/\/casamarialuigia.com\/wp-content\/uploads\/2023\/07\/acetaia-logo-chiaro.svg"},{"@type":"BreadcrumbList","@id":"https:\/\/casamarialuigia.com\/it\/acetaia-maria-luigia\/#breadcrumb","itemListElement":[{"@type":"ListItem","position":1,"name":"Home","item":"https:\/\/casamarialuigia.com\/it\/"},{"@type":"ListItem","position":2,"name":"Acetaia Maria Luigia"}]},{"@type":"WebSite","@id":"https:\/\/casamarialuigia.com\/#website","url":"https:\/\/casamarialuigia.com\/","name":"Casa Maria Luigia","description":"Experience the Emilian Countryside","publisher":{"@id":"https:\/\/casamarialuigia.com\/#organization"},"potentialAction":[{"@type":"SearchAction","target":{"@type":"EntryPoint","urlTemplate":"https:\/\/casamarialuigia.com\/?s={search_term_string}"},"query-input":{"@type":"PropertyValueSpecification","valueRequired":true,"valueName":"search_term_string"}}],"inLanguage":"it-IT"},{"@type":"Organization","@id":"https:\/\/casamarialuigia.com\/#organization","name":"Casa Maria Luigia","url":"https:\/\/casamarialuigia.com\/","logo":{"@type":"ImageObject","inLanguage":"it-IT","@id":"https:\/\/casamarialuigia.com\/#\/schema\/logo\/image\/","url":"https:\/\/casamarialuigia.com\/wp-content\/uploads\/2023\/07\/logo-header-chiaro.svg","contentUrl":"https:\/\/casamarialuigia.com\/wp-content\/uploads\/2023\/07\/logo-header-chiaro.svg","width":512,"height":342,"caption":"Casa Maria Luigia"},"image":{"@id":"https:\/\/casamarialuigia.com\/#\/schema\/logo\/image\/"}}]}},"_links":{"self":[{"href":"https:\/\/casamarialuigia.com\/it\/wp-json\/wp\/v2\/pages\/3313","targetHints":{"allow":["GET"]}}],"collection":[{"href":"https:\/\/casamarialuigia.com\/it\/wp-json\/wp\/v2\/pages"}],"about":[{"href":"https:\/\/casamarialuigia.com\/it\/wp-json\/wp\/v2\/types\/page"}],"author":[{"embeddable":true,"href":"https:\/\/casamarialuigia.com\/it\/wp-json\/wp\/v2\/users\/3"}],"replies":[{"embeddable":true,"href":"https:\/\/casamarialuigia.com\/it\/wp-json\/wp\/v2\/comments?post=3313"}],"version-history":[{"count":28,"href":"https:\/\/casamarialuigia.com\/it\/wp-json\/wp\/v2\/pages\/3313\/revisions"}],"predecessor-version":[{"id":5135,"href":"https:\/\/casamarialuigia.com\/it\/wp-json\/wp\/v2\/pages\/3313\/revisions\/5135"}],"wp:attachment":[{"href":"https:\/\/casamarialuigia.com\/it\/wp-json\/wp\/v2\/media?parent=3313"}],"curies":[{"name":"wp","href":"https:\/\/api.w.org\/{rel}","templated":true}]}}