{"id":3336,"date":"2023-01-19T10:41:01","date_gmt":"2023-01-19T10:41:01","guid":{"rendered":"https:\/\/marialuigia.team99.it\/faq\/"},"modified":"2026-02-02T14:26:20","modified_gmt":"2026-02-02T14:26:20","slug":"faq","status":"publish","type":"page","link":"https:\/\/casamarialuigia.com\/it\/faq\/","title":{"rendered":"Info &#038; FAQ"},"content":{"rendered":"\n<div class=\"wp-block-group is-layout-flow wp-block-group-is-layout-flow\">\n<div class=\"wp-block-cover is-light\" style=\"min-height:100vh;aspect-ratio:unset;\"><img loading=\"lazy\" decoding=\"async\" width=\"2000\" height=\"1333\" class=\"wp-block-cover__image-background wp-image-1809\" alt=\"\" src=\"https:\/\/casamarialuigia.com\/wp-content\/uploads\/2023\/04\/CASA_MARIA_LUIGIA_info.jpg\" data-object-fit=\"cover\" srcset=\"https:\/\/casamarialuigia.com\/wp-content\/uploads\/2023\/04\/CASA_MARIA_LUIGIA_info.jpg 2000w, https:\/\/casamarialuigia.com\/wp-content\/uploads\/2023\/04\/CASA_MARIA_LUIGIA_info-300x200.jpg 300w, https:\/\/casamarialuigia.com\/wp-content\/uploads\/2023\/04\/CASA_MARIA_LUIGIA_info-1024x682.jpg 1024w, https:\/\/casamarialuigia.com\/wp-content\/uploads\/2023\/04\/CASA_MARIA_LUIGIA_info-768x512.jpg 768w, https:\/\/casamarialuigia.com\/wp-content\/uploads\/2023\/04\/CASA_MARIA_LUIGIA_info-1536x1024.jpg 1536w\" sizes=\"auto, (max-width: 2000px) 100vw, 2000px\" \/><span aria-hidden=\"true\" class=\"wp-block-cover__background has-background-dim-0 has-background-dim\"><\/span><div class=\"wp-block-cover__inner-container is-layout-flow wp-block-cover-is-layout-flow\">\n<p class=\"has-text-align-center has-large-font-size\"><\/p>\n<\/div><\/div>\n<\/div>\n\n\n\n<div class=\"wp-block-group has-global-padding is-layout-constrained wp-block-group-is-layout-constrained\">\n<div style=\"height:40px\" aria-hidden=\"true\" class=\"wp-block-spacer\"><\/div>\n\n\n    <h1 class=\"blocco-contenuto-titolo has-colore-due-color has-titolo-standard-font-size\">INFO<\/h1>\n\n    \n\n\n\n\n\n\n\n\n<div style=\"height:25px\" aria-hidden=\"true\" class=\"wp-block-spacer\"><\/div>\n\n\n\n    \n    <p class=\"blocco-contenuto-paragrafo has-colore-due-color has-paragrafo-font-size mr-b-3 mr-t-4\">Casa Maria Luigia orari d\u2019apertura:\nDa Maggio ad Ottobre siamo aperti tutti i giorni.\nDa Novembre ad Aprile la guesthouse \u00e8 aperta da Marted\u00ec pomeriggio a Domenica alle 12. Domenica e luned\u00ec sera siamo chiusi.\n<span class=\"editor-wysiwyg-spazio\"><\/span>\nLa propriet\u00e0 include due piscine, un campo da tennis, area fitness, un parco, aree lounge, un forno a legna per la pizza e un orto.\n<span class=\"editor-wysiwyg-spazio\"><\/span>\nSaremo lieti di accogliervi per farvi vivere il paesaggio emiliano e scoprire i tesori della regione Emilia-Romagna. Il nostro team sar\u00e0 lieto di aiutarvi ad arricchire il vostro soggiorno prenotando tour e visite guidate ai luoghi di interesse culturale della zona.\n<\/p>\n\n\n\n\n\n\n\n\n    \n    <p class=\"blocco-contenuto-paragrafo has-colore-due-color has-paragrafo-font-size mr-b-3 mr-t-4\">Contattate il nostro team all&#8217;indirizzo: <span style=\"text-decoration: underline;\"><strong><a href=\"mailto:info@casamarialuigia.com\">info@casamarialuigia.com<\/a><\/strong><\/span>\n<\/p>\n\n\n\n\n\n\n\n\n<div style=\"height:60px\" aria-hidden=\"true\" class=\"wp-block-spacer\"><\/div>\n\n\n    <h2 class=\"blocco-contenuto-titolo has-colore-due-color has-titolo-standard-font-size\">FAQ<\/h2>\n\n    \n\n\n\n\n\n\n\n        \n          <div class=\"bottura-accordion-container\">\n          \n          <label class=\"bottura-accordion\">COME POSSO PRENOTARE UNA CAMERA?<\/label>\n            <div class=\"bottura-accordion-panel\">\n              <p><p>Le prenotazioni sono disponibili sul nostro sito con un anno di anticipo.<br \/>\nControllate la nostra disponibilit\u00e0 aggiornata in tempo reale e prenotate le date che preferite <a href=\"https:\/\/secure.iperbooking.net\/be\/it\/casa-maria-luigia\/\" target=\"_blank\" rel=\"noopener\">qui<\/a>.<\/p>\n<\/p>\n            <\/div>\n          \n        <\/div>\n        \n            \n          <div class=\"bottura-accordion-container\">\n          \n          <label class=\"bottura-accordion\">QUAL \u00c8 LA VOSTRA POLITICA DI CANCELLAZIONE?<\/label>\n            <div class=\"bottura-accordion-panel\">\n              <p><p><strong>Tariffa non rimborsabile.<\/strong><br \/>\nAl momento della prenotazione verr\u00e0 richiesto il pagamento anticipato dell&#8217;intero importo. La prenotazione non pu\u00f2 essere cancellata o modificata in nessun momento.<br \/>\nSolo le tariffe non rimborsabili danno la possibilit\u00e0 di aggiungere alla prenotazione l&#8217;esperienza gastronomica Francescana at Maria Luigia.<\/p>\n<p><strong>Tariffa flessibile.<\/strong><br \/>\nLa cancellazione \u00e8 possibile entro le ore 18:00 di quattordici giorni prima dell&#8217;arrivo per evitare penali per il soggiorno completo.<\/p>\n<p>A garanzia di tutte le prenotazioni \u00e8 richiesta una carta di credito valida. Casa Maria Luigia si riserva il diritto di verificare la validit\u00e0 della carta di credito prima dell&#8217;arrivo dell&#8217;ospite.<\/p>\n<\/p>\n            <\/div>\n          \n        <\/div>\n        \n            \n          <div class=\"bottura-accordion-container\">\n          \n          <label class=\"bottura-accordion\">A CHE ORA POSSO FARE IL CHECK-IN\/IL CHECK-OUT?<\/label>\n            <div class=\"bottura-accordion-panel\">\n              <p><p>Casa Maria Luigia \u00e8 aperta cinque notti a settimana dal marted\u00ec alle 15:00 alla domenica a mezzogiorno.<br \/>\n<strong>Check-in<\/strong> dalle 15:00 a mezzanotte.<br \/>\n<strong>Check out<\/strong> entro le 10:00.<\/p>\n<\/p>\n            <\/div>\n          \n        <\/div>\n        \n            \n          <div class=\"bottura-accordion-container\">\n          \n          <label class=\"bottura-accordion\">QUAL \u00c8 LA CAPIENZA MASSIMA DI OGNI CAMERA?<\/label>\n            <div class=\"bottura-accordion-panel\">\n              <p><p>Tutte le nostre camere sono dotate di letti matrimoniali e possono ospitare comodamente 2 persone. Per accogliere una terza persona o altre richieste si prega di contattare l&#8217;ufficio prenotazioni: <a href=\"mailto:info@casamarialuigia.com\">info@casamarialuigia.com<\/a>.<\/p>\n<\/p>\n            <\/div>\n          \n        <\/div>\n        \n            \n          <div class=\"bottura-accordion-container\">\n          \n          <label class=\"bottura-accordion\">POSSO VIAGGIARE CON I MIEI FIGLI?<\/label>\n            <div class=\"bottura-accordion-panel\">\n              <p><p>Casa Maria Luigia accoglie tutti a partire dai 12 anni di et\u00e0.<\/p>\n<\/p>\n            <\/div>\n          \n        <\/div>\n        \n            \n          <div class=\"bottura-accordion-container\">\n          \n          <label class=\"bottura-accordion\">POSSO PORTARE IL MIO ANIMALE DOMESTICO?<\/label>\n            <div class=\"bottura-accordion-panel\">\n              <p><p>Casa Maria Luigia non ospita animali domestici.<br \/>\nFacciamo eccezione per i cani da assistenza.<\/p>\n<\/p>\n            <\/div>\n          \n        <\/div>\n        \n            \n          <div class=\"bottura-accordion-container\">\n          \n          <label class=\"bottura-accordion\">QUAL \u00c8 LA DIFFERENZA TRA L&#8217;OSTERIA FRANCESCANA e FRANCESCANA AT MARIA LUIGIA?<\/label>\n            <div class=\"bottura-accordion-panel\">\n              <p><p>L&#8217;<a href=\"https:\/\/osteriafrancescana.it\/it\/\" target=\"_blank\" rel=\"noopener\">Osteria Francescana<\/a> \u00e8 il nostro ristorante tre stelle Michelin situato nel centro storico di Modena.<br \/>\nFrancescana at Maria Luigia \u00e8 l&#8217;esperienza culinaria che offriamo a Casa Maria Luigia. Si tratta di un menu di 9 portate con alcuni dei piatti pi\u00f9 iconici serviti nel tempo a Osteria Francescana.<br \/>\nLa cena \u00e8 servita ai nostri tavoli comuni, i piatti sono accompagnati dalla narrazione delle loro origini e la nostra cucina a vista offre l&#8217;opportunit\u00e0 di vedere l&#8217;impiattamento finale interagendo con i nostri chef.<\/p>\n<\/p>\n            <\/div>\n          \n        <\/div>\n        \n            \n          <div class=\"bottura-accordion-container\">\n          \n          <label class=\"bottura-accordion\">QUALI SONO I GIORNI DI APERTURA DI FRANCESCANA AT MARIA LUIGIA?<\/label>\n            <div class=\"bottura-accordion-panel\">\n              <p><p>Da Maggio ad Ottobre Francescana at Maria Luigia \u00e8 aperta tutti i giorni.<\/p>\n<p>Da Novembre ad Aprile il servizio \u00e8 attivo da marted\u00ec a sabato sera.<\/p>\n<p>Le porte aprono alle 19:30.<br \/>\nVi chiediamo gentilmente di essere puntuali per gustare il menu completo.<br \/>\nLa nostra esperienza comincia per tutti gli ospiti alla stessa ora<\/p>\n<\/p>\n            <\/div>\n          \n        <\/div>\n        \n            \n          <div class=\"bottura-accordion-container\">\n          \n          <label class=\"bottura-accordion\">QUANTO DURA L&#8217;ESPERIENZA CULINARIA?<\/label>\n            <div class=\"bottura-accordion-panel\">\n              <p><p>L&#8217;esperienza culinaria dura circa 3 ore e mezza.<br \/>\nLe porte aprono alle 19:30.<br \/>\nVi chiediamo di essere puntuali per gustare il menu completo.<br \/>\nLa nostra esperienza comincia per tutti gli ospiti alla stessa ora.<\/p>\n<\/p>\n            <\/div>\n          \n        <\/div>\n        \n            \n          <div class=\"bottura-accordion-container\">\n          \n          <label class=\"bottura-accordion\">SIETE IN GRADO DI SODDISFARE ALLERGIE E RESTRIZIONI DIETETICHE?<\/label>\n            <div class=\"bottura-accordion-panel\">\n              <p><p>Il nostro team \u00e8 lieto di soddisfare qualsiasi allergia o restrizione dietetica. Vi preghiamo di informarci in anticipo per offrirvi la migliore esperienza possibile.<\/p>\n<\/p>\n            <\/div>\n          \n        <\/div>\n        \n            \n          <div class=\"bottura-accordion-container\">\n          \n          <label class=\"bottura-accordion\">COME ARRIVARE?<\/label>\n            <div class=\"bottura-accordion-panel\">\n              <p><p>Casa Maria Luigia<br \/>\nStradello Bonaghino 56, 41126 Modena<\/p>\n<p><strong>In auto:<\/strong> dall&#8217;autostrada A1 si consiglia di prendere l&#8217;uscita Modena Sud.<br \/>\nCasa Maria si trova a soli 10 minuti di auto.<br \/>\n<strong>In treno:<\/strong> la stazione ferroviaria pi\u00f9 vicina \u00e8 Modena Stazione Centrale.<br \/>\nDista circa 20 minuti di auto dalla nostra struttura.<br \/>\n<strong>In aereo:<\/strong> gli aeroporti internazionali pi\u00f9 vicini sono quelli di Bologna (Aeroporto Guglielmo Marconi &#8211; a 40 minuti di auto) e di Milano (Linate o Malpensa &#8211; a 2 ore di auto).<br \/>\n<strong>In elicottero:<\/strong> Atterrare direttamente alla piattaforma di atterraggio privata di Casa Maria Luigia.<br \/>\nContattare le prenotazioni per concordare i dettagli.<\/p>\n<p>Il nostro team pu\u00f2 aiutarvi a organizzare il trasporto privato da e per la struttura su richiesta.<br \/>\n<a href=\"mailto:info@casamarialuigia.com\">info@casamarialuigia.com<\/a><\/p>\n<\/p>\n            <\/div>\n          \n        <\/div>\n        \n            \n          <div class=\"bottura-accordion-container\">\n          \n          <label class=\"bottura-accordion\">IL CIBO\/CENA \u00c8 INCLUSO NELLA TARIFFA DELLA MIA CAMERA?<\/label>\n            <div class=\"bottura-accordion-panel\">\n              <p><p>Le tariffe delle camere includono la nostra colazione emiliana unica nel suo genere, una selezione di snack salati e dolci disponibili nella cucina della casa e bevande al minibar.<\/p>\n<p>L&#8217;esperienza culinaria Francescana at Maria Luigia non \u00e8 inclusa nella prenotazione se non selezionata e pagata durante il processo di prenotazione.<\/p>\n<\/p>\n            <\/div>\n          \n        <\/div>\n        \n    \n\n\n\n\n\n\n\n\n\n\n<div style=\"height:60px\" aria-hidden=\"true\" class=\"wp-block-spacer\"><\/div>\n<\/div>\n","protected":false},"excerpt":{"rendered":"","protected":false},"author":3,"featured_media":0,"parent":0,"menu_order":0,"comment_status":"closed","ping_status":"closed","template":"","meta":{"_acf_changed":false,"footnotes":""},"class_list":["post-3336","page","type-page","status-publish","hentry"],"acf":[],"yoast_head":"<!-- This site is optimized with the Yoast SEO plugin v27.4 - https:\/\/yoast.com\/product\/yoast-seo-wordpress\/ -->\n<title>Info &amp; FAQ - Casa Maria Luigia<\/title>\n<meta name=\"description\" content=\"Saremo lieti di accogliervi per farvi vivere il paesaggio emiliano e scoprire i tesori della regione Emilia-Romagna. Il nostro team sar\u00e0 lieto di aiutarvi ad arricchire il vostro soggiorno prenotando tour e visite guidate ai luoghi di interesse culturale della zona.\" \/>\n<meta name=\"robots\" content=\"index, follow, max-snippet:-1, max-image-preview:large, max-video-preview:-1\" \/>\n<link rel=\"canonical\" href=\"https:\/\/casamarialuigia.com\/it\/faq\/\" \/>\n<meta property=\"og:locale\" content=\"it_IT\" \/>\n<meta property=\"og:type\" content=\"article\" \/>\n<meta property=\"og:title\" content=\"Info &amp; FAQ - Casa Maria Luigia\" \/>\n<meta property=\"og:description\" content=\"Saremo lieti di accogliervi per farvi vivere il paesaggio emiliano e scoprire i tesori della regione Emilia-Romagna. Il nostro team sar\u00e0 lieto di aiutarvi ad arricchire il vostro soggiorno prenotando tour e visite guidate ai luoghi di interesse culturale della zona.\" \/>\n<meta property=\"og:url\" content=\"https:\/\/casamarialuigia.com\/it\/faq\/\" \/>\n<meta property=\"og:site_name\" content=\"Casa Maria Luigia\" \/>\n<meta property=\"article:modified_time\" content=\"2026-02-02T14:26:20+00:00\" \/>\n<meta property=\"og:image\" content=\"https:\/\/casamarialuigia.com\/wp-content\/uploads\/2023\/04\/CASA_MARIA_LUIGIA_info.jpg\" \/>\n\t<meta property=\"og:image:width\" content=\"2000\" \/>\n\t<meta property=\"og:image:height\" content=\"1333\" \/>\n\t<meta property=\"og:image:type\" content=\"image\/jpeg\" \/>\n<meta name=\"twitter:card\" content=\"summary_large_image\" \/>\n<meta name=\"twitter:label1\" content=\"Tempo di lettura stimato\" \/>\n\t<meta name=\"twitter:data1\" content=\"1 minuto\" \/>\n<script type=\"application\/ld+json\" class=\"yoast-schema-graph\">{\"@context\":\"https:\\\/\\\/schema.org\",\"@graph\":[{\"@type\":\"WebPage\",\"@id\":\"https:\\\/\\\/casamarialuigia.com\\\/it\\\/faq\\\/\",\"url\":\"https:\\\/\\\/casamarialuigia.com\\\/it\\\/faq\\\/\",\"name\":\"Info & FAQ - Casa Maria Luigia\",\"isPartOf\":{\"@id\":\"https:\\\/\\\/casamarialuigia.com\\\/#website\"},\"primaryImageOfPage\":{\"@id\":\"https:\\\/\\\/casamarialuigia.com\\\/it\\\/faq\\\/#primaryimage\"},\"image\":{\"@id\":\"https:\\\/\\\/casamarialuigia.com\\\/it\\\/faq\\\/#primaryimage\"},\"thumbnailUrl\":\"https:\\\/\\\/casamarialuigia.com\\\/wp-content\\\/uploads\\\/2023\\\/04\\\/CASA_MARIA_LUIGIA_info.jpg\",\"datePublished\":\"2023-01-19T10:41:01+00:00\",\"dateModified\":\"2026-02-02T14:26:20+00:00\",\"description\":\"Saremo lieti di accogliervi per farvi vivere il paesaggio emiliano e scoprire i tesori della regione Emilia-Romagna. Il nostro team sar\u00e0 lieto di aiutarvi ad arricchire il vostro soggiorno prenotando tour e visite guidate ai luoghi di interesse culturale della zona.\",\"breadcrumb\":{\"@id\":\"https:\\\/\\\/casamarialuigia.com\\\/it\\\/faq\\\/#breadcrumb\"},\"inLanguage\":\"it-IT\",\"potentialAction\":[{\"@type\":\"ReadAction\",\"target\":[\"https:\\\/\\\/casamarialuigia.com\\\/it\\\/faq\\\/\"]}]},{\"@type\":\"ImageObject\",\"inLanguage\":\"it-IT\",\"@id\":\"https:\\\/\\\/casamarialuigia.com\\\/it\\\/faq\\\/#primaryimage\",\"url\":\"https:\\\/\\\/casamarialuigia.com\\\/wp-content\\\/uploads\\\/2023\\\/04\\\/CASA_MARIA_LUIGIA_info.jpg\",\"contentUrl\":\"https:\\\/\\\/casamarialuigia.com\\\/wp-content\\\/uploads\\\/2023\\\/04\\\/CASA_MARIA_LUIGIA_info.jpg\"},{\"@type\":\"BreadcrumbList\",\"@id\":\"https:\\\/\\\/casamarialuigia.com\\\/it\\\/faq\\\/#breadcrumb\",\"itemListElement\":[{\"@type\":\"ListItem\",\"position\":1,\"name\":\"Home\",\"item\":\"https:\\\/\\\/casamarialuigia.com\\\/it\\\/\"},{\"@type\":\"ListItem\",\"position\":2,\"name\":\"Info &#038; FAQ\"}]},{\"@type\":\"WebSite\",\"@id\":\"https:\\\/\\\/casamarialuigia.com\\\/#website\",\"url\":\"https:\\\/\\\/casamarialuigia.com\\\/\",\"name\":\"Casa Maria Luigia\",\"description\":\"Experience the Emilian Countryside\",\"publisher\":{\"@id\":\"https:\\\/\\\/casamarialuigia.com\\\/#organization\"},\"potentialAction\":[{\"@type\":\"SearchAction\",\"target\":{\"@type\":\"EntryPoint\",\"urlTemplate\":\"https:\\\/\\\/casamarialuigia.com\\\/?s={search_term_string}\"},\"query-input\":{\"@type\":\"PropertyValueSpecification\",\"valueRequired\":true,\"valueName\":\"search_term_string\"}}],\"inLanguage\":\"it-IT\"},{\"@type\":\"Organization\",\"@id\":\"https:\\\/\\\/casamarialuigia.com\\\/#organization\",\"name\":\"Casa Maria Luigia\",\"url\":\"https:\\\/\\\/casamarialuigia.com\\\/\",\"logo\":{\"@type\":\"ImageObject\",\"inLanguage\":\"it-IT\",\"@id\":\"https:\\\/\\\/casamarialuigia.com\\\/#\\\/schema\\\/logo\\\/image\\\/\",\"url\":\"https:\\\/\\\/casamarialuigia.com\\\/wp-content\\\/uploads\\\/2023\\\/07\\\/logo-header-chiaro.svg\",\"contentUrl\":\"https:\\\/\\\/casamarialuigia.com\\\/wp-content\\\/uploads\\\/2023\\\/07\\\/logo-header-chiaro.svg\",\"width\":512,\"height\":342,\"caption\":\"Casa Maria Luigia\"},\"image\":{\"@id\":\"https:\\\/\\\/casamarialuigia.com\\\/#\\\/schema\\\/logo\\\/image\\\/\"}}]}<\/script>\n<!-- \/ Yoast SEO plugin. -->","yoast_head_json":{"title":"Info & FAQ - Casa Maria Luigia","description":"Saremo lieti di accogliervi per farvi vivere il paesaggio emiliano e scoprire i tesori della regione Emilia-Romagna. Il nostro team sar\u00e0 lieto di aiutarvi ad arricchire il vostro soggiorno prenotando tour e visite guidate ai luoghi di interesse culturale della zona.","robots":{"index":"index","follow":"follow","max-snippet":"max-snippet:-1","max-image-preview":"max-image-preview:large","max-video-preview":"max-video-preview:-1"},"canonical":"https:\/\/casamarialuigia.com\/it\/faq\/","og_locale":"it_IT","og_type":"article","og_title":"Info & FAQ - Casa Maria Luigia","og_description":"Saremo lieti di accogliervi per farvi vivere il paesaggio emiliano e scoprire i tesori della regione Emilia-Romagna. Il nostro team sar\u00e0 lieto di aiutarvi ad arricchire il vostro soggiorno prenotando tour e visite guidate ai luoghi di interesse culturale della zona.","og_url":"https:\/\/casamarialuigia.com\/it\/faq\/","og_site_name":"Casa Maria Luigia","article_modified_time":"2026-02-02T14:26:20+00:00","og_image":[{"width":2000,"height":1333,"url":"https:\/\/casamarialuigia.com\/wp-content\/uploads\/2023\/04\/CASA_MARIA_LUIGIA_info.jpg","type":"image\/jpeg"}],"twitter_card":"summary_large_image","twitter_misc":{"Tempo di lettura stimato":"1 minuto"},"schema":{"@context":"https:\/\/schema.org","@graph":[{"@type":"WebPage","@id":"https:\/\/casamarialuigia.com\/it\/faq\/","url":"https:\/\/casamarialuigia.com\/it\/faq\/","name":"Info & FAQ - Casa Maria Luigia","isPartOf":{"@id":"https:\/\/casamarialuigia.com\/#website"},"primaryImageOfPage":{"@id":"https:\/\/casamarialuigia.com\/it\/faq\/#primaryimage"},"image":{"@id":"https:\/\/casamarialuigia.com\/it\/faq\/#primaryimage"},"thumbnailUrl":"https:\/\/casamarialuigia.com\/wp-content\/uploads\/2023\/04\/CASA_MARIA_LUIGIA_info.jpg","datePublished":"2023-01-19T10:41:01+00:00","dateModified":"2026-02-02T14:26:20+00:00","description":"Saremo lieti di accogliervi per farvi vivere il paesaggio emiliano e scoprire i tesori della regione Emilia-Romagna. Il nostro team sar\u00e0 lieto di aiutarvi ad arricchire il vostro soggiorno prenotando tour e visite guidate ai luoghi di interesse culturale della zona.","breadcrumb":{"@id":"https:\/\/casamarialuigia.com\/it\/faq\/#breadcrumb"},"inLanguage":"it-IT","potentialAction":[{"@type":"ReadAction","target":["https:\/\/casamarialuigia.com\/it\/faq\/"]}]},{"@type":"ImageObject","inLanguage":"it-IT","@id":"https:\/\/casamarialuigia.com\/it\/faq\/#primaryimage","url":"https:\/\/casamarialuigia.com\/wp-content\/uploads\/2023\/04\/CASA_MARIA_LUIGIA_info.jpg","contentUrl":"https:\/\/casamarialuigia.com\/wp-content\/uploads\/2023\/04\/CASA_MARIA_LUIGIA_info.jpg"},{"@type":"BreadcrumbList","@id":"https:\/\/casamarialuigia.com\/it\/faq\/#breadcrumb","itemListElement":[{"@type":"ListItem","position":1,"name":"Home","item":"https:\/\/casamarialuigia.com\/it\/"},{"@type":"ListItem","position":2,"name":"Info &#038; FAQ"}]},{"@type":"WebSite","@id":"https:\/\/casamarialuigia.com\/#website","url":"https:\/\/casamarialuigia.com\/","name":"Casa Maria Luigia","description":"Experience the Emilian Countryside","publisher":{"@id":"https:\/\/casamarialuigia.com\/#organization"},"potentialAction":[{"@type":"SearchAction","target":{"@type":"EntryPoint","urlTemplate":"https:\/\/casamarialuigia.com\/?s={search_term_string}"},"query-input":{"@type":"PropertyValueSpecification","valueRequired":true,"valueName":"search_term_string"}}],"inLanguage":"it-IT"},{"@type":"Organization","@id":"https:\/\/casamarialuigia.com\/#organization","name":"Casa Maria Luigia","url":"https:\/\/casamarialuigia.com\/","logo":{"@type":"ImageObject","inLanguage":"it-IT","@id":"https:\/\/casamarialuigia.com\/#\/schema\/logo\/image\/","url":"https:\/\/casamarialuigia.com\/wp-content\/uploads\/2023\/07\/logo-header-chiaro.svg","contentUrl":"https:\/\/casamarialuigia.com\/wp-content\/uploads\/2023\/07\/logo-header-chiaro.svg","width":512,"height":342,"caption":"Casa Maria Luigia"},"image":{"@id":"https:\/\/casamarialuigia.com\/#\/schema\/logo\/image\/"}}]}},"_links":{"self":[{"href":"https:\/\/casamarialuigia.com\/it\/wp-json\/wp\/v2\/pages\/3336","targetHints":{"allow":["GET"]}}],"collection":[{"href":"https:\/\/casamarialuigia.com\/it\/wp-json\/wp\/v2\/pages"}],"about":[{"href":"https:\/\/casamarialuigia.com\/it\/wp-json\/wp\/v2\/types\/page"}],"author":[{"embeddable":true,"href":"https:\/\/casamarialuigia.com\/it\/wp-json\/wp\/v2\/users\/3"}],"replies":[{"embeddable":true,"href":"https:\/\/casamarialuigia.com\/it\/wp-json\/wp\/v2\/comments?post=3336"}],"version-history":[{"count":12,"href":"https:\/\/casamarialuigia.com\/it\/wp-json\/wp\/v2\/pages\/3336\/revisions"}],"predecessor-version":[{"id":5252,"href":"https:\/\/casamarialuigia.com\/it\/wp-json\/wp\/v2\/pages\/3336\/revisions\/5252"}],"wp:attachment":[{"href":"https:\/\/casamarialuigia.com\/it\/wp-json\/wp\/v2\/media?parent=3336"}],"curies":[{"name":"wp","href":"https:\/\/api.w.org\/{rel}","templated":true}]}}