{"id":3390,"date":"2023-01-30T15:07:08","date_gmt":"2023-01-30T15:07:08","guid":{"rendered":"https:\/\/marialuigia.team99.it\/food\/"},"modified":"2026-02-25T13:53:01","modified_gmt":"2026-02-25T13:53:01","slug":"cucina","status":"publish","type":"page","link":"https:\/\/casamarialuigia.com\/it\/esperienze\/cucina\/","title":{"rendered":"Cucina"},"content":{"rendered":"\n<div class=\"wp-block-group has-global-padding is-content-justification-center is-layout-constrained wp-block-group-is-layout-constrained\">\n<div style=\"height:120px\" aria-hidden=\"true\" class=\"wp-block-spacer\"><\/div>\n\n\n    <h2 class=\"blocco-contenuto-titolo has-colore-due-color has-titolo-standard-font-size\">CUCINA<\/h2>\n\n    \n\n\n\n\n\n<\/div>\n\n\n\n<div class=\"wp-block-group has-global-padding is-layout-constrained wp-block-group-is-layout-constrained\">\n<div style=\"height:100px\" aria-hidden=\"true\" class=\"wp-block-spacer\"><\/div>\n\n\n\n<div class=\"wp-block-columns is-layout-flex wp-container-core-columns-is-layout-28f84493 wp-block-columns-is-layout-flex\">\n<div class=\"wp-block-column is-vertically-aligned-top is-layout-flow wp-block-column-is-layout-flow\" style=\"padding-top:var(--wp--preset--spacing--60);padding-right:var(--wp--preset--spacing--60);padding-bottom:var(--wp--preset--spacing--60);padding-left:var(--wp--preset--spacing--60)\">\n<figure class=\"wp-block-image aligncenter size-large has-custom-border\"><img loading=\"lazy\" decoding=\"async\" width=\"1024\" height=\"683\" src=\"https:\/\/casamarialuigia.com\/wp-content\/uploads\/2023\/01\/CML_acetaia-3-1024x683.jpg\" alt=\"\" class=\"wp-image-803\" style=\"border-radius:0px\" srcset=\"https:\/\/casamarialuigia.com\/wp-content\/uploads\/2023\/01\/CML_acetaia-3-1024x683.jpg 1024w, https:\/\/casamarialuigia.com\/wp-content\/uploads\/2023\/01\/CML_acetaia-3-300x200.jpg 300w, https:\/\/casamarialuigia.com\/wp-content\/uploads\/2023\/01\/CML_acetaia-3-768x512.jpg 768w, https:\/\/casamarialuigia.com\/wp-content\/uploads\/2023\/01\/CML_acetaia-3-1536x1025.jpg 1536w, https:\/\/casamarialuigia.com\/wp-content\/uploads\/2023\/01\/CML_acetaia-3.jpg 2000w\" sizes=\"auto, (max-width: 1024px) 100vw, 1024px\" \/><\/figure>\n\n\n\n<div style=\"height:36px\" aria-hidden=\"true\" class=\"wp-block-spacer\"><\/div>\n\n\n    <h1 class=\"blocco-contenuto-titolo has-colore-due-color has-titolo-standard-font-size\">ACETAIA MARIA LUIGIA<\/h1>\n\n    \n    <p class=\"blocco-contenuto-paragrafo has-colore-due-color has-paragrafo-font-size mr-b-3 mr-t-4\">Scoprite tutto sull&#8217;aceto balsamico tradizionale di Modena e assaggiate alcuni deliziosi balsamici di dodici e venticinque anni.<br \/>\n<a href=\"https:\/\/casamarialuigia.com\/it\/acetaia-maria-luigia\/\">Visitate la pagina web dell&#8217;Acetaia<\/a> per trovare maggiori informazioni e prenotare una visita.\n<span class=\"editor-wysiwyg-spazio\"><\/span>\n45 minuti in piccoli gruppi\n<span class=\"editor-wysiwyg-spazio\"><\/span>\nGratuito per tutti gli ospiti\n<span class=\"editor-wysiwyg-spazio\"><\/span>\n*Richiesta prenotazione anticipata\n<\/p>\n\n\n\n\n\n<\/div>\n\n\n\n<div class=\"wp-block-column is-vertically-aligned-top is-layout-flow wp-block-column-is-layout-flow\" style=\"padding-top:var(--wp--preset--spacing--60);padding-right:var(--wp--preset--spacing--60);padding-bottom:var(--wp--preset--spacing--60);padding-left:var(--wp--preset--spacing--60)\">\n<figure class=\"wp-block-image aligncenter size-full has-custom-border\"><img loading=\"lazy\" decoding=\"async\" width=\"1024\" height=\"684\" src=\"https:\/\/casamarialuigia.com\/wp-content\/uploads\/2026\/02\/Pasta-Classes-2026_CML_by-Giulio-Cai-3.jpg\" alt=\"\" class=\"wp-image-5332\" style=\"border-radius:0px\" srcset=\"https:\/\/casamarialuigia.com\/wp-content\/uploads\/2026\/02\/Pasta-Classes-2026_CML_by-Giulio-Cai-3.jpg 1024w, https:\/\/casamarialuigia.com\/wp-content\/uploads\/2026\/02\/Pasta-Classes-2026_CML_by-Giulio-Cai-3-300x200.jpg 300w, https:\/\/casamarialuigia.com\/wp-content\/uploads\/2026\/02\/Pasta-Classes-2026_CML_by-Giulio-Cai-3-768x513.jpg 768w\" sizes=\"auto, (max-width: 1024px) 100vw, 1024px\" \/><\/figure>\n\n\n\n<div style=\"height:36px\" aria-hidden=\"true\" class=\"wp-block-spacer\"><\/div>\n\n\n    <h1 class=\"blocco-contenuto-titolo has-colore-due-color has-titolo-standard-font-size\">PASTA STUDIO<\/h1>\n\n    \n    <p class=\"blocco-contenuto-paragrafo has-colore-due-color has-paragrafo-font-size mr-b-3 mr-t-4\">Durante questa lezione di cucina, scopri la gioia di preparare la pasta italiana, I nostri chef condivideranno tecniche tramandate nel tempo, ingredienti artigianali e le storie che si celano dietro ogni ricetta.\n<span class=\"editor-wysiwyg-spazio\"><\/span>\nLa lezione, che si svolge a met\u00e0 mattina nella cucina a vista della Francescana at Maria Luigia, si conclude con un pranzo conviviale da gustare tutti insieme attorno alla tavola.\n<span class=\"editor-wysiwyg-spazio\"><\/span>\n<em>Un\u2019 esclusiva esperienza riservata agli ospiti dell\u2019hotel.<\/em>\n<span class=\"editor-wysiwyg-spazio\"><\/span>\n<em>Per informazioni e prenotazioni, vi invitiamo a contattarci qui <span style=\"text-decoration: underline;\"><a href=\"mailto:info@casamarialuigia.com\">info@casamarialuigia.com<\/a><\/span><\/em>\n<\/p>\n\n\n\n\n\n<\/div>\n<\/div>\n<\/div>\n\n\n\n<div class=\"wp-block-group has-global-padding is-layout-constrained wp-block-group-is-layout-constrained\">\n<div class=\"wp-block-columns is-layout-flex wp-container-core-columns-is-layout-28f84493 wp-block-columns-is-layout-flex\">\n<div class=\"wp-block-column is-layout-flow wp-block-column-is-layout-flow\" style=\"padding-top:var(--wp--preset--spacing--60);padding-right:var(--wp--preset--spacing--60);padding-bottom:var(--wp--preset--spacing--60);padding-left:var(--wp--preset--spacing--60)\">\n<figure class=\"wp-block-image aligncenter size-large has-custom-border\"><img loading=\"lazy\" decoding=\"async\" width=\"1024\" height=\"680\" src=\"https:\/\/casamarialuigia.com\/wp-content\/uploads\/2023\/01\/casamarialuigia_experiences_food_granaaceto-1024x680.jpg\" alt=\"\" class=\"wp-image-1117\" style=\"border-radius:0px\" srcset=\"https:\/\/casamarialuigia.com\/wp-content\/uploads\/2023\/01\/casamarialuigia_experiences_food_granaaceto-1024x680.jpg 1024w, https:\/\/casamarialuigia.com\/wp-content\/uploads\/2023\/01\/casamarialuigia_experiences_food_granaaceto-300x199.jpg 300w, https:\/\/casamarialuigia.com\/wp-content\/uploads\/2023\/01\/casamarialuigia_experiences_food_granaaceto-768x510.jpg 768w, https:\/\/casamarialuigia.com\/wp-content\/uploads\/2023\/01\/casamarialuigia_experiences_food_granaaceto-1536x1020.jpg 1536w, https:\/\/casamarialuigia.com\/wp-content\/uploads\/2023\/01\/casamarialuigia_experiences_food_granaaceto.jpg 2000w\" sizes=\"auto, (max-width: 1024px) 100vw, 1024px\" \/><\/figure>\n\n\n\n<div style=\"height:36px\" aria-hidden=\"true\" class=\"wp-block-spacer\"><\/div>\n\n\n    <h2 class=\"blocco-contenuto-titolo has-colore-due-color has-titolo-standard-font-size\">IL PARADISO PER GLI AMANTI DEL CIBO<\/h2>\n\n    \n    <p class=\"blocco-contenuto-paragrafo has-colore-due-color has-paragrafo-font-size mr-b-3 mr-t-4\">Visita la produzione di due delle pi\u00f9 iconiche prelibatezze di Modena e assapora il famoso Parmigiano Reggiano ed il Lambrusco frizzante.\n<span class=\"editor-wysiwyg-spazio\"><\/span>\nMezza giornata con guida\n<span class=\"editor-wysiwyg-spazio\"><\/span>\nA partire da 390 euro a coppia\n<span class=\"editor-wysiwyg-spazio\"><\/span>\n*Richiesta prenotazione anticipata\n<\/p>\n\n\n\n\n\n<\/div>\n\n\n\n<div class=\"wp-block-column is-layout-flow wp-block-column-is-layout-flow\" style=\"padding-top:var(--wp--preset--spacing--60);padding-right:var(--wp--preset--spacing--60);padding-bottom:var(--wp--preset--spacing--60);padding-left:var(--wp--preset--spacing--60)\">\n<figure class=\"wp-block-image aligncenter size-large has-custom-border\"><img loading=\"lazy\" decoding=\"async\" width=\"1024\" height=\"681\" src=\"https:\/\/casamarialuigia.com\/wp-content\/uploads\/2023\/07\/cml_esperienze_prosciutto_parma_parmigiano_reggiano-1024x681.jpg\" alt=\"\" class=\"wp-image-3765\" style=\"border-radius:0px\" srcset=\"https:\/\/casamarialuigia.com\/wp-content\/uploads\/2023\/07\/cml_esperienze_prosciutto_parma_parmigiano_reggiano-1024x681.jpg 1024w, https:\/\/casamarialuigia.com\/wp-content\/uploads\/2023\/07\/cml_esperienze_prosciutto_parma_parmigiano_reggiano-300x200.jpg 300w, https:\/\/casamarialuigia.com\/wp-content\/uploads\/2023\/07\/cml_esperienze_prosciutto_parma_parmigiano_reggiano-768x511.jpg 768w, https:\/\/casamarialuigia.com\/wp-content\/uploads\/2023\/07\/cml_esperienze_prosciutto_parma_parmigiano_reggiano-1536x1022.jpg 1536w, https:\/\/casamarialuigia.com\/wp-content\/uploads\/2023\/07\/cml_esperienze_prosciutto_parma_parmigiano_reggiano.jpg 2000w\" sizes=\"auto, (max-width: 1024px) 100vw, 1024px\" \/><\/figure>\n\n\n\n<div style=\"height:36px\" aria-hidden=\"true\" class=\"wp-block-spacer\"><\/div>\n\n\n    <h2 class=\"blocco-contenuto-titolo has-colore-due-color has-titolo-standard-font-size\">SCOPRIRE PARMA E IL PARMIGIANO REGGIANO<\/h2>\n\n    \n    <p class=\"blocco-contenuto-paragrafo has-colore-due-color has-paragrafo-font-size mr-b-3 mr-t-4\">Una giornata per scoprire il meglio di Parma. Scoprite i produttori locali delle specialit\u00e0 pi\u00f9 rinomate della citt\u00e0: Prosciutto di Parma e Parmigiano Reggiano.\n<span class=\"editor-wysiwyg-spazio\"><\/span>\nGiornata intera con guida\n<span class=\"editor-wysiwyg-spazio\"><\/span>\nA partire da 790 euro a coppia\n<span class=\"editor-wysiwyg-spazio\"><\/span>\n*Richiesta prenotazione anticipata\n<\/p>\n\n\n\n\n\n<\/div>\n<\/div>\n<\/div>\n\n\n\n<div class=\"wp-block-group has-global-padding is-layout-constrained wp-block-group-is-layout-constrained\">\n<div class=\"wp-block-columns is-layout-flex wp-container-core-columns-is-layout-28f84493 wp-block-columns-is-layout-flex\">\n<div class=\"wp-block-column is-vertically-aligned-top is-layout-flow wp-block-column-is-layout-flow\" style=\"padding-top:var(--wp--preset--spacing--60);padding-right:var(--wp--preset--spacing--60);padding-bottom:var(--wp--preset--spacing--60);padding-left:var(--wp--preset--spacing--60)\">\n<figure class=\"wp-block-image aligncenter size-full has-custom-border\"><img loading=\"lazy\" decoding=\"async\" width=\"1024\" height=\"680\" src=\"https:\/\/casamarialuigia.com\/wp-content\/uploads\/2023\/12\/parmigiano_reggiano_rett.jpg\" alt=\"\" class=\"wp-image-4355\" style=\"border-radius:0px\" srcset=\"https:\/\/casamarialuigia.com\/wp-content\/uploads\/2023\/12\/parmigiano_reggiano_rett.jpg 1024w, https:\/\/casamarialuigia.com\/wp-content\/uploads\/2023\/12\/parmigiano_reggiano_rett-300x199.jpg 300w, https:\/\/casamarialuigia.com\/wp-content\/uploads\/2023\/12\/parmigiano_reggiano_rett-768x510.jpg 768w\" sizes=\"auto, (max-width: 1024px) 100vw, 1024px\" \/><\/figure>\n\n\n\n<div style=\"height:36px\" aria-hidden=\"true\" class=\"wp-block-spacer\"><\/div>\n\n\n    <h2 class=\"blocco-contenuto-titolo has-colore-due-color has-titolo-standard-font-size\">ROSOLA e LE COLLINE MODENESI<\/h2>\n\n    \n    <p class=\"blocco-contenuto-paragrafo has-colore-due-color has-paragrafo-font-size mr-b-3 mr-t-4\">Godetevi un tour panoramico attraverso le colline Modenesi fino a raggiungere il nostro fornitore di Parmigiano Reggiano: Caseificio Rosola. Completate la giornata con una degustazione di Lambrusco sulle colline modenesi.\n<span class=\"editor-wysiwyg-spazio\"><\/span>\nGiornata intera con guida\n<span class=\"editor-wysiwyg-spazio\"><\/span>\nA partire da 700 euro a coppia\n<span class=\"editor-wysiwyg-spazio\"><\/span>\n*Richiesta prenotazione anticipata\n<\/p>\n\n\n\n\n\n<\/div>\n\n\n\n<div class=\"wp-block-column is-layout-flow wp-block-column-is-layout-flow\" style=\"padding-top:var(--wp--preset--spacing--60);padding-right:var(--wp--preset--spacing--60);padding-bottom:var(--wp--preset--spacing--60);padding-left:var(--wp--preset--spacing--60)\">\n<figure class=\"wp-block-image aligncenter size-full has-custom-border\"><img loading=\"lazy\" decoding=\"async\" width=\"1024\" height=\"681\" src=\"https:\/\/casamarialuigia.com\/wp-content\/uploads\/2023\/12\/esperienza_gelato.jpg\" alt=\"\" class=\"wp-image-4416\" style=\"border-radius:0px\" srcset=\"https:\/\/casamarialuigia.com\/wp-content\/uploads\/2023\/12\/esperienza_gelato.jpg 1024w, https:\/\/casamarialuigia.com\/wp-content\/uploads\/2023\/12\/esperienza_gelato-300x200.jpg 300w, https:\/\/casamarialuigia.com\/wp-content\/uploads\/2023\/12\/esperienza_gelato-768x511.jpg 768w\" sizes=\"auto, (max-width: 1024px) 100vw, 1024px\" \/><\/figure>\n\n\n\n<div style=\"height:36px\" aria-hidden=\"true\" class=\"wp-block-spacer\"><\/div>\n\n\n    <h2 class=\"blocco-contenuto-titolo has-colore-due-color has-titolo-standard-font-size\">VIGNOLA e WORKSHOP DI GELATO<\/h2>\n\n    \n    <p class=\"blocco-contenuto-paragrafo has-colore-due-color has-paragrafo-font-size mr-b-3 mr-t-4\">Partite alla scoperta di Vignola e della sua Rocca medioevale. Fate una pausa per assaggiare la deliziosa torta Barozzi, creata con una ricetta tutt\u2019oggi segreta. Completate la vostra giornata con un goloso workshop di gelato.\n<span class=\"editor-wysiwyg-spazio\"><\/span>\nMezza giornata con guida\n<span class=\"editor-wysiwyg-spazio\"><\/span>\nA partire da 570 euro a coppia\n<span class=\"editor-wysiwyg-spazio\"><\/span>\n*Richiesta prenotazione anticipata\n<\/p>\n\n\n\n\n\n<\/div>\n<\/div>\n<\/div>\n\n\n\n<div class=\"wp-block-group has-global-padding is-layout-constrained wp-block-group-is-layout-constrained\">\n<div class=\"wp-block-columns is-layout-flex wp-container-core-columns-is-layout-28f84493 wp-block-columns-is-layout-flex\">\n<div class=\"wp-block-column is-layout-flow wp-block-column-is-layout-flow\" style=\"padding-top:var(--wp--preset--spacing--60);padding-right:var(--wp--preset--spacing--60);padding-bottom:var(--wp--preset--spacing--60);padding-left:var(--wp--preset--spacing--60)\">\n<figure class=\"wp-block-image aligncenter size-large has-custom-border\"><img loading=\"lazy\" decoding=\"async\" width=\"1024\" height=\"684\" src=\"https:\/\/casamarialuigia.com\/wp-content\/uploads\/2023\/12\/drink_americano-1024x684.jpg\" alt=\"\" class=\"wp-image-4367\" style=\"border-radius:0px\" srcset=\"https:\/\/casamarialuigia.com\/wp-content\/uploads\/2023\/12\/drink_americano-1024x684.jpg 1024w, https:\/\/casamarialuigia.com\/wp-content\/uploads\/2023\/12\/drink_americano-300x200.jpg 300w, https:\/\/casamarialuigia.com\/wp-content\/uploads\/2023\/12\/drink_americano-768x513.jpg 768w, https:\/\/casamarialuigia.com\/wp-content\/uploads\/2023\/12\/drink_americano-1536x1026.jpg 1536w, https:\/\/casamarialuigia.com\/wp-content\/uploads\/2023\/12\/drink_americano.jpg 2000w\" sizes=\"auto, (max-width: 1024px) 100vw, 1024px\" \/><\/figure>\n\n\n\n<div style=\"height:36px\" aria-hidden=\"true\" class=\"wp-block-spacer\"><\/div>\n\n\n    <h2 class=\"blocco-contenuto-titolo has-colore-due-color has-titolo-standard-font-size\">MIXOLOGY WORKSHOP<\/h2>\n\n    \n    <p class=\"blocco-contenuto-paragrafo has-colore-due-color has-paragrafo-font-size mr-b-3 mr-t-4\">Un appassionante workshop per scoprire la storia di alcuni dei cocktail pi\u00f9 iconici ed esplorare variazioni a base d\u2019ingredienti locali come l\u2019aceto balsamico tradizionale.\n<span class=\"editor-wysiwyg-spazio\"><\/span>\nWorkshop di due ore con un bartender professionista presso il cocktail bar Ex spaccio delle carceri\n<span class=\"editor-wysiwyg-spazio\"><\/span>\nA partire da 350 euro a coppia\n<span class=\"editor-wysiwyg-spazio\"><\/span>\n*Richiesta prenotazione anticipata\n<\/p>\n\n\n\n\n\n<\/div>\n\n\n\n<div class=\"wp-block-column is-layout-flow wp-block-column-is-layout-flow\" style=\"padding-top:var(--wp--preset--spacing--60);padding-right:var(--wp--preset--spacing--60);padding-bottom:var(--wp--preset--spacing--60);padding-left:var(--wp--preset--spacing--60)\"><\/div>\n<\/div>\n<\/div>\n\n\n\n<div class=\"wp-block-group has-global-padding is-content-justification-center is-layout-constrained wp-block-group-is-layout-constrained\">\n<div style=\"height:100px\" aria-hidden=\"true\" class=\"wp-block-spacer\"><\/div>\n\n\n\n    \n\n<div class=\"wp-block-button blocco-contenuto-cta\">\n    <a class=\"wp-block-button__link wp-element-button has-testo-pulsante-font-size\" href=\"\/it\/esperienze\/\" target=\"\">SCOPRI TUTTE LE ATTIVIT\u00c0<\/a>\n<\/div>\n\n\n\n\n\n\n\n<div style=\"height:100px\" aria-hidden=\"true\" class=\"wp-block-spacer\"><\/div>\n<\/div>\n","protected":false},"excerpt":{"rendered":"","protected":false},"author":3,"featured_media":0,"parent":3414,"menu_order":0,"comment_status":"closed","ping_status":"closed","template":"","meta":{"_acf_changed":false,"footnotes":""},"class_list":["post-3390","page","type-page","status-publish","hentry"],"acf":[],"yoast_head":"<!-- This site is optimized with the Yoast SEO plugin v27.4 - https:\/\/yoast.com\/product\/yoast-seo-wordpress\/ -->\n<title>Cucina - Casa Maria Luigia<\/title>\n<meta name=\"robots\" content=\"index, follow, max-snippet:-1, max-image-preview:large, max-video-preview:-1\" \/>\n<link rel=\"canonical\" href=\"https:\/\/casamarialuigia.com\/it\/esperienze\/cucina\/\" \/>\n<meta property=\"og:locale\" content=\"it_IT\" \/>\n<meta property=\"og:type\" content=\"article\" \/>\n<meta property=\"og:title\" content=\"Cucina - Casa Maria Luigia\" \/>\n<meta property=\"og:url\" content=\"https:\/\/casamarialuigia.com\/it\/esperienze\/cucina\/\" \/>\n<meta property=\"og:site_name\" content=\"Casa Maria Luigia\" \/>\n<meta property=\"article:modified_time\" content=\"2026-02-25T13:53:01+00:00\" \/>\n<meta property=\"og:image\" content=\"https:\/\/casamarialuigia.com\/wp-content\/uploads\/2023\/01\/CML_acetaia-3.jpg\" \/>\n\t<meta property=\"og:image:width\" content=\"2000\" \/>\n\t<meta property=\"og:image:height\" content=\"1334\" \/>\n\t<meta property=\"og:image:type\" content=\"image\/jpeg\" \/>\n<meta name=\"twitter:card\" content=\"summary_large_image\" \/>\n<meta name=\"twitter:label1\" content=\"Tempo di lettura stimato\" \/>\n\t<meta name=\"twitter:data1\" content=\"2 minuti\" \/>\n<script type=\"application\/ld+json\" class=\"yoast-schema-graph\">{\"@context\":\"https:\\\/\\\/schema.org\",\"@graph\":[{\"@type\":\"WebPage\",\"@id\":\"https:\\\/\\\/casamarialuigia.com\\\/it\\\/esperienze\\\/cucina\\\/\",\"url\":\"https:\\\/\\\/casamarialuigia.com\\\/it\\\/esperienze\\\/cucina\\\/\",\"name\":\"Cucina - Casa Maria Luigia\",\"isPartOf\":{\"@id\":\"https:\\\/\\\/casamarialuigia.com\\\/#website\"},\"primaryImageOfPage\":{\"@id\":\"https:\\\/\\\/casamarialuigia.com\\\/it\\\/esperienze\\\/cucina\\\/#primaryimage\"},\"image\":{\"@id\":\"https:\\\/\\\/casamarialuigia.com\\\/it\\\/esperienze\\\/cucina\\\/#primaryimage\"},\"thumbnailUrl\":\"https:\\\/\\\/casamarialuigia.com\\\/wp-content\\\/uploads\\\/2023\\\/01\\\/CML_acetaia-3-1024x683.jpg\",\"datePublished\":\"2023-01-30T15:07:08+00:00\",\"dateModified\":\"2026-02-25T13:53:01+00:00\",\"breadcrumb\":{\"@id\":\"https:\\\/\\\/casamarialuigia.com\\\/it\\\/esperienze\\\/cucina\\\/#breadcrumb\"},\"inLanguage\":\"it-IT\",\"potentialAction\":[{\"@type\":\"ReadAction\",\"target\":[\"https:\\\/\\\/casamarialuigia.com\\\/it\\\/esperienze\\\/cucina\\\/\"]}]},{\"@type\":\"ImageObject\",\"inLanguage\":\"it-IT\",\"@id\":\"https:\\\/\\\/casamarialuigia.com\\\/it\\\/esperienze\\\/cucina\\\/#primaryimage\",\"url\":\"https:\\\/\\\/casamarialuigia.com\\\/wp-content\\\/uploads\\\/2023\\\/01\\\/CML_acetaia-3-1024x683.jpg\",\"contentUrl\":\"https:\\\/\\\/casamarialuigia.com\\\/wp-content\\\/uploads\\\/2023\\\/01\\\/CML_acetaia-3-1024x683.jpg\"},{\"@type\":\"BreadcrumbList\",\"@id\":\"https:\\\/\\\/casamarialuigia.com\\\/it\\\/esperienze\\\/cucina\\\/#breadcrumb\",\"itemListElement\":[{\"@type\":\"ListItem\",\"position\":1,\"name\":\"Home\",\"item\":\"https:\\\/\\\/casamarialuigia.com\\\/it\\\/\"},{\"@type\":\"ListItem\",\"position\":2,\"name\":\"Esperienze\",\"item\":\"https:\\\/\\\/casamarialuigia.com\\\/it\\\/esperienze\\\/\"},{\"@type\":\"ListItem\",\"position\":3,\"name\":\"Cucina\"}]},{\"@type\":\"WebSite\",\"@id\":\"https:\\\/\\\/casamarialuigia.com\\\/#website\",\"url\":\"https:\\\/\\\/casamarialuigia.com\\\/\",\"name\":\"Casa Maria Luigia\",\"description\":\"Experience the Emilian Countryside\",\"publisher\":{\"@id\":\"https:\\\/\\\/casamarialuigia.com\\\/#organization\"},\"potentialAction\":[{\"@type\":\"SearchAction\",\"target\":{\"@type\":\"EntryPoint\",\"urlTemplate\":\"https:\\\/\\\/casamarialuigia.com\\\/?s={search_term_string}\"},\"query-input\":{\"@type\":\"PropertyValueSpecification\",\"valueRequired\":true,\"valueName\":\"search_term_string\"}}],\"inLanguage\":\"it-IT\"},{\"@type\":\"Organization\",\"@id\":\"https:\\\/\\\/casamarialuigia.com\\\/#organization\",\"name\":\"Casa Maria Luigia\",\"url\":\"https:\\\/\\\/casamarialuigia.com\\\/\",\"logo\":{\"@type\":\"ImageObject\",\"inLanguage\":\"it-IT\",\"@id\":\"https:\\\/\\\/casamarialuigia.com\\\/#\\\/schema\\\/logo\\\/image\\\/\",\"url\":\"https:\\\/\\\/casamarialuigia.com\\\/wp-content\\\/uploads\\\/2023\\\/07\\\/logo-header-chiaro.svg\",\"contentUrl\":\"https:\\\/\\\/casamarialuigia.com\\\/wp-content\\\/uploads\\\/2023\\\/07\\\/logo-header-chiaro.svg\",\"width\":512,\"height\":342,\"caption\":\"Casa Maria Luigia\"},\"image\":{\"@id\":\"https:\\\/\\\/casamarialuigia.com\\\/#\\\/schema\\\/logo\\\/image\\\/\"}}]}<\/script>\n<!-- \/ Yoast SEO plugin. -->","yoast_head_json":{"title":"Cucina - Casa Maria Luigia","robots":{"index":"index","follow":"follow","max-snippet":"max-snippet:-1","max-image-preview":"max-image-preview:large","max-video-preview":"max-video-preview:-1"},"canonical":"https:\/\/casamarialuigia.com\/it\/esperienze\/cucina\/","og_locale":"it_IT","og_type":"article","og_title":"Cucina - Casa Maria Luigia","og_url":"https:\/\/casamarialuigia.com\/it\/esperienze\/cucina\/","og_site_name":"Casa Maria Luigia","article_modified_time":"2026-02-25T13:53:01+00:00","og_image":[{"width":2000,"height":1334,"url":"https:\/\/casamarialuigia.com\/wp-content\/uploads\/2023\/01\/CML_acetaia-3.jpg","type":"image\/jpeg"}],"twitter_card":"summary_large_image","twitter_misc":{"Tempo di lettura stimato":"2 minuti"},"schema":{"@context":"https:\/\/schema.org","@graph":[{"@type":"WebPage","@id":"https:\/\/casamarialuigia.com\/it\/esperienze\/cucina\/","url":"https:\/\/casamarialuigia.com\/it\/esperienze\/cucina\/","name":"Cucina - Casa Maria Luigia","isPartOf":{"@id":"https:\/\/casamarialuigia.com\/#website"},"primaryImageOfPage":{"@id":"https:\/\/casamarialuigia.com\/it\/esperienze\/cucina\/#primaryimage"},"image":{"@id":"https:\/\/casamarialuigia.com\/it\/esperienze\/cucina\/#primaryimage"},"thumbnailUrl":"https:\/\/casamarialuigia.com\/wp-content\/uploads\/2023\/01\/CML_acetaia-3-1024x683.jpg","datePublished":"2023-01-30T15:07:08+00:00","dateModified":"2026-02-25T13:53:01+00:00","breadcrumb":{"@id":"https:\/\/casamarialuigia.com\/it\/esperienze\/cucina\/#breadcrumb"},"inLanguage":"it-IT","potentialAction":[{"@type":"ReadAction","target":["https:\/\/casamarialuigia.com\/it\/esperienze\/cucina\/"]}]},{"@type":"ImageObject","inLanguage":"it-IT","@id":"https:\/\/casamarialuigia.com\/it\/esperienze\/cucina\/#primaryimage","url":"https:\/\/casamarialuigia.com\/wp-content\/uploads\/2023\/01\/CML_acetaia-3-1024x683.jpg","contentUrl":"https:\/\/casamarialuigia.com\/wp-content\/uploads\/2023\/01\/CML_acetaia-3-1024x683.jpg"},{"@type":"BreadcrumbList","@id":"https:\/\/casamarialuigia.com\/it\/esperienze\/cucina\/#breadcrumb","itemListElement":[{"@type":"ListItem","position":1,"name":"Home","item":"https:\/\/casamarialuigia.com\/it\/"},{"@type":"ListItem","position":2,"name":"Esperienze","item":"https:\/\/casamarialuigia.com\/it\/esperienze\/"},{"@type":"ListItem","position":3,"name":"Cucina"}]},{"@type":"WebSite","@id":"https:\/\/casamarialuigia.com\/#website","url":"https:\/\/casamarialuigia.com\/","name":"Casa Maria Luigia","description":"Experience the Emilian Countryside","publisher":{"@id":"https:\/\/casamarialuigia.com\/#organization"},"potentialAction":[{"@type":"SearchAction","target":{"@type":"EntryPoint","urlTemplate":"https:\/\/casamarialuigia.com\/?s={search_term_string}"},"query-input":{"@type":"PropertyValueSpecification","valueRequired":true,"valueName":"search_term_string"}}],"inLanguage":"it-IT"},{"@type":"Organization","@id":"https:\/\/casamarialuigia.com\/#organization","name":"Casa Maria Luigia","url":"https:\/\/casamarialuigia.com\/","logo":{"@type":"ImageObject","inLanguage":"it-IT","@id":"https:\/\/casamarialuigia.com\/#\/schema\/logo\/image\/","url":"https:\/\/casamarialuigia.com\/wp-content\/uploads\/2023\/07\/logo-header-chiaro.svg","contentUrl":"https:\/\/casamarialuigia.com\/wp-content\/uploads\/2023\/07\/logo-header-chiaro.svg","width":512,"height":342,"caption":"Casa Maria Luigia"},"image":{"@id":"https:\/\/casamarialuigia.com\/#\/schema\/logo\/image\/"}}]}},"_links":{"self":[{"href":"https:\/\/casamarialuigia.com\/it\/wp-json\/wp\/v2\/pages\/3390","targetHints":{"allow":["GET"]}}],"collection":[{"href":"https:\/\/casamarialuigia.com\/it\/wp-json\/wp\/v2\/pages"}],"about":[{"href":"https:\/\/casamarialuigia.com\/it\/wp-json\/wp\/v2\/types\/page"}],"author":[{"embeddable":true,"href":"https:\/\/casamarialuigia.com\/it\/wp-json\/wp\/v2\/users\/3"}],"replies":[{"embeddable":true,"href":"https:\/\/casamarialuigia.com\/it\/wp-json\/wp\/v2\/comments?post=3390"}],"version-history":[{"count":43,"href":"https:\/\/casamarialuigia.com\/it\/wp-json\/wp\/v2\/pages\/3390\/revisions"}],"predecessor-version":[{"id":5340,"href":"https:\/\/casamarialuigia.com\/it\/wp-json\/wp\/v2\/pages\/3390\/revisions\/5340"}],"up":[{"embeddable":true,"href":"https:\/\/casamarialuigia.com\/it\/wp-json\/wp\/v2\/pages\/3414"}],"wp:attachment":[{"href":"https:\/\/casamarialuigia.com\/it\/wp-json\/wp\/v2\/media?parent=3390"}],"curies":[{"name":"wp","href":"https:\/\/api.w.org\/{rel}","templated":true}]}}